{"id":88,"date":"2023-08-13T16:40:36","date_gmt":"2023-08-13T16:40:36","guid":{"rendered":"http:\/\/maze-intcon.de\/?page_id=88"},"modified":"2023-08-30T13:35:47","modified_gmt":"2023-08-30T13:35:47","slug":"konzepte","status":"publish","type":"page","link":"https:\/\/maze-intcon.de\/en\/konzepte\/","title":{"rendered":"APPROACHES"},"content":{"rendered":"<div class=\"wp-block-group alignfull has-ti-bg-background-color has-background is-layout-flow wp-block-group-is-layout-flow\">\n<div class=\"wp-block-group alignfull has-global-padding is-layout-constrained wp-block-group-is-layout-constrained\">\n<div class=\"wp-block-group alignfull has-ti-bg-background-color has-background has-global-padding is-layout-constrained wp-block-group-is-layout-constrained\">\n<div class=\"wp-block-columns alignwide are-vertically-aligned-center is-layout-flex wp-container-core-columns-is-layout-28f84493 wp-block-columns-is-layout-flex\">\n<div class=\"wp-block-column is-layout-flow wp-block-column-is-layout-flow\" style=\"flex-basis:50%\">\n<p class=\"has-text-align-center has-ti-fg-color has-text-color\" style=\"font-size:25px;line-height:1.1\"><strong>INTERSECTIONALITY<\/strong><\/p>\n<\/div>\n\n\n\n<div class=\"wp-block-column is-layout-flow wp-block-column-is-layout-flow\" style=\"flex-basis:50%\">\n<hr class=\"wp-block-separator has-text-color has-css-opacity has-background is-style-wide\" style=\"background-color:#000000;color:#000000\"\/>\n<\/div>\n<\/div>\n\n\n\n<div class=\"wp-block-columns alignwide is-layout-flex wp-container-core-columns-is-layout-28f84493 wp-block-columns-is-layout-flex\">\n<div class=\"wp-block-column is-layout-flow wp-block-column-is-layout-flow\">\n<blockquote class=\"wp-block-quote has-text-align-center has-ti-accent-color has-ti-bg-background-color has-text-color has-background is-layout-flow wp-block-quote-is-layout-flow\" style=\"font-size:20px\">\n<p class=\"has-text-align-center has-ti-accent-color has-text-color has-normal-font-size\">&#8222;<em>\"This focus on the most privileged group members marginalizes those who are multiply-burdened, and obscures claims that cannot be understood as resulting from discrete sources of discrimination\"<\/em>.&#8220;<\/p>\n<cite><strong>Kimberl\u00e9 Crenshaw, 1989<\/strong><\/cite><\/blockquote>\n<\/div>\n\n\n\n<div class=\"wp-block-column is-layout-flow wp-block-column-is-layout-flow\">\n<p class=\"has-text-align-center\" style=\"font-size:18px\">Intersektionalit\u00e4t beschreibt das Zusammenwirken verschiedener Diskriminierungdimensionen.<\/p>\n\n\n\n<p class=\"has-text-align-center\" style=\"padding-right:0;padding-left:0;font-size:18px\">The concept of intersectionality shows that discrimination occurs at different levels and that new forms of discrimination arise through the combination of several characteristics. <\/p>\n<\/div>\n<\/div>\n\n\n\n<details class=\"wp-block-details has-normal-font-size is-layout-flow wp-block-details-is-layout-flow\"><summary>More information on intersectionality tbc:<\/summary>\n<p><\/p>\n<\/details>\n\n\n\n<p><\/p>\n\n\n\n<div style=\"height:40px\" aria-hidden=\"true\" class=\"wp-block-spacer\"><\/div>\n\n\n\n<div class=\"wp-block-group alignfull has-ti-bg-background-color has-background has-global-padding is-layout-constrained wp-block-group-is-layout-constrained\">\n<div class=\"wp-block-columns alignwide are-vertically-aligned-center is-layout-flex wp-container-core-columns-is-layout-28f84493 wp-block-columns-is-layout-flex\">\n<div class=\"wp-block-column is-layout-flow wp-block-column-is-layout-flow\" style=\"flex-basis:50%\">\n<p class=\"has-text-align-center has-ti-fg-color has-text-color\" style=\"font-size:25px;line-height:1.1\"><strong>EQUAL TREATMENT LAW<\/strong> (AGG)<\/p>\n<\/div>\n\n\n\n<div class=\"wp-block-column is-layout-flow wp-block-column-is-layout-flow\" style=\"flex-basis:50%\">\n<hr class=\"wp-block-separator has-text-color has-css-opacity has-background is-style-wide\" style=\"background-color:#000000;color:#000000\"\/>\n<\/div>\n<\/div>\n\n\n\n<div class=\"wp-block-columns alignwide is-layout-flex wp-container-core-columns-is-layout-28f84493 wp-block-columns-is-layout-flex\">\n<div class=\"wp-block-column is-layout-flow wp-block-column-is-layout-flow\"><\/div>\n\n\n\n<div class=\"wp-block-column is-layout-flow wp-block-column-is-layout-flow\">\n<p class=\"has-text-align-center\" style=\"font-size:18px\">The AGG (Allgemeines Gleichbehandlungsgesetz) was enforced 2006 in Germany to prevent discrimination in workspaces and to promote (economic) equality. <\/p>\n<\/div>\n\n\n\n<div class=\"wp-block-column is-layout-flow wp-block-column-is-layout-flow\">\n<p class=\"has-text-align-center\" style=\"font-size:18px\">It forms the legal framework of a discrimination-sensitive environment and sets out clear rules for companies how to deal with diversity and discrimination.<\/p>\n<\/div>\n<\/div>\n\n\n\n<div style=\"height:40px\" aria-hidden=\"true\" class=\"wp-block-spacer\"><\/div>\n\n\n\n<details class=\"wp-block-details has-normal-font-size is-layout-flow wp-block-details-is-layout-flow\"><summary>More information here:<\/summary>\n<p><a href=\"https:\/\/www.antidiskriminierungsstelle.de\/SharedDocs\/downloads\/DE\/publikationen\/AGG\/agg_gleichbehandlungsgesetz.pdf?__blob=publicationFile\">EQUAL TREATMENT LAW<\/a><\/p>\n<\/details>\n<\/div>\n<\/div>\n<\/div>\n<\/div>","protected":false},"excerpt":{"rendered":"<p>Intersektionalit\u00e4t &#8222;Den Fokus auf die privilegiertesten Mitglieder einer Gruppe zu legen, marginalisiert diejenigen, die vielfach belastet sind, und verdeckt Interessen, die nicht auf vereinzelte Diskriminierungsursachen zur\u00fcckgef\u00fchrt werden k\u00f6nnen.&#8220; Intersektionalit\u00e4t beschreibt das Zusammenwirken verschiedener Diskriminierungdimensionen. Das Konzept der Intersektionalit\u00e4t zeigt auf, dass Diskriminierung auf unterschiedlichen Ebenen auftritt und durch die Kombination mehrerer Merkmale neue Formen von [&hellip;]<\/p>","protected":false},"author":1,"featured_media":0,"parent":0,"menu_order":0,"comment_status":"closed","ping_status":"closed","template":"","meta":{"footnotes":""},"class_list":["post-88","page","type-page","status-publish","hentry"],"_links":{"self":[{"href":"https:\/\/maze-intcon.de\/en\/wp-json\/wp\/v2\/pages\/88","targetHints":{"allow":["GET"]}}],"collection":[{"href":"https:\/\/maze-intcon.de\/en\/wp-json\/wp\/v2\/pages"}],"about":[{"href":"https:\/\/maze-intcon.de\/en\/wp-json\/wp\/v2\/types\/page"}],"author":[{"embeddable":true,"href":"https:\/\/maze-intcon.de\/en\/wp-json\/wp\/v2\/users\/1"}],"replies":[{"embeddable":true,"href":"https:\/\/maze-intcon.de\/en\/wp-json\/wp\/v2\/comments?post=88"}],"version-history":[{"count":27,"href":"https:\/\/maze-intcon.de\/en\/wp-json\/wp\/v2\/pages\/88\/revisions"}],"predecessor-version":[{"id":299,"href":"https:\/\/maze-intcon.de\/en\/wp-json\/wp\/v2\/pages\/88\/revisions\/299"}],"wp:attachment":[{"href":"https:\/\/maze-intcon.de\/en\/wp-json\/wp\/v2\/media?parent=88"}],"curies":[{"name":"wp","href":"https:\/\/api.w.org\/{rel}","templated":true}]}}