{"id":86,"date":"2023-08-13T02:09:22","date_gmt":"2023-08-13T02:09:22","guid":{"rendered":"http:\/\/maze-intcon.de\/?page_id=86"},"modified":"2023-12-14T16:40:24","modified_gmt":"2023-12-14T16:40:24","slug":"portfolio","status":"publish","type":"page","link":"https:\/\/maze-intcon.de\/en\/portfolio\/","title":{"rendered":"PORTFOLIO"},"content":{"rendered":"<p class=\"has-text-align-center\"><strong>MAZE intersectional consulting fungiert als Full-Service-Beratung und sensibilisiert Organisationen, \u00f6ffentliche Verwaltungen, Bildungseinrichtungen und Verb\u00e4nde \u00fcber die Effekte von Mehrfachdiskriminerung mit dem Ziel, diskriminierungssensible R\u00e4ume zu schaffen. <\/strong><\/p>\n\n\n\n<p class=\"has-text-align-center\">Our portfolio includes, inter alia, the conception, implementation and control resp. optimisation of the following services:<\/p>\n\n\n\n<p><\/p>\n\n\n\n<p class=\"has-text-align-center\">&#8211; Workshops, Seminare und Lehrg\u00e4nge f\u00fcr F\u00fchrungskr\u00e4fte, Mitarbeiter*innen und Lehrende;<\/p>\n\n\n\n<p class=\"has-text-align-center\">&#8211; Coaching-, F\u00f6rder-, und Mentoring-Programme;<\/p>\n\n\n\n<p class=\"has-text-align-center\">&#8211; Diskriminierungssensible Kommunikation;<\/p>\n\n\n\n<p class=\"has-text-align-center\">&#8211; Personal- und Organisationsentwicklung;<\/p>\n\n\n\n<p class=\"has-text-align-center\">&#8211; Corporate Social Responsibility (CSR) Prozesse;<\/p>\n\n\n\n<p class=\"has-text-align-center\">&#8211; Unternehmensf\u00fchrung (z.B. Kultur, Werte und Strategie);<\/p>\n\n\n\n<p class=\"has-text-align-center\">&#8211; Traditionelles und agiles Projektmanagement;<\/p>\n\n\n\n<p class=\"has-text-align-center\">&#8211; Implementierung &amp; Kontrolle regulatorischer Anforderungen<\/p>\n\n\n\n<p class=\"has-text-align-center\">Every service is customised to suit your specific requirements and is available in both German and English languages. <\/p>\n\n\n\n<p class=\"has-text-align-center\"><strong>We offer greatly reduced solutions for associations, collectives and non-profit companies!<\/strong><\/p>\n\n\n\n<p class=\"has-text-align-center\">Melden Sie sich gerne hier oder via contact@maze-intcon.de f\u00fcr ein kostenfreies Erstgespr\u00e4ch!<\/p>\n\n\n\n<p><\/p>\n\n\n\n<div class=\"wp-block-buttons is-layout-flex wp-block-buttons-is-layout-flex\">\n<div class=\"wp-block-button\"><a class=\"wp-block-button__link wp-element-button\" href=\"https:\/\/maze-intcon.de\/en\/kontakt\/\">CONTACT<\/a><\/div>\n<\/div>","protected":false},"excerpt":{"rendered":"<p>MAZE intersectional consulting fungiert als Full-Service-Beratung und sensibilisiert Organisationen, \u00f6ffentliche Verwaltungen, Bildungseinrichtungen und Verb\u00e4nde \u00fcber die Effekte von Mehrfachdiskriminerung mit dem Ziel, diskriminierungssensible R\u00e4ume zu schaffen. Unser Beratungsangebot umfasst unter anderem die Konzeption, Implementierung und Kontrolle bzw. Optimierung folgender Leistungen: &#8211; Workshops, Seminare und Lehrg\u00e4nge f\u00fcr F\u00fchrungskr\u00e4fte, Mitarbeiter*innen und Lehrende; &#8211; Coaching-, F\u00f6rder-, und Mentoring-Programme; [&hellip;]<\/p>","protected":false},"author":1,"featured_media":0,"parent":0,"menu_order":0,"comment_status":"closed","ping_status":"closed","template":"","meta":{"footnotes":""},"class_list":["post-86","page","type-page","status-publish","hentry"],"_links":{"self":[{"href":"https:\/\/maze-intcon.de\/en\/wp-json\/wp\/v2\/pages\/86","targetHints":{"allow":["GET"]}}],"collection":[{"href":"https:\/\/maze-intcon.de\/en\/wp-json\/wp\/v2\/pages"}],"about":[{"href":"https:\/\/maze-intcon.de\/en\/wp-json\/wp\/v2\/types\/page"}],"author":[{"embeddable":true,"href":"https:\/\/maze-intcon.de\/en\/wp-json\/wp\/v2\/users\/1"}],"replies":[{"embeddable":true,"href":"https:\/\/maze-intcon.de\/en\/wp-json\/wp\/v2\/comments?post=86"}],"version-history":[{"count":29,"href":"https:\/\/maze-intcon.de\/en\/wp-json\/wp\/v2\/pages\/86\/revisions"}],"predecessor-version":[{"id":321,"href":"https:\/\/maze-intcon.de\/en\/wp-json\/wp\/v2\/pages\/86\/revisions\/321"}],"wp:attachment":[{"href":"https:\/\/maze-intcon.de\/en\/wp-json\/wp\/v2\/media?parent=86"}],"curies":[{"name":"wp","href":"https:\/\/api.w.org\/{rel}","templated":true}]}}