{"id":147,"date":"2023-08-13T12:01:53","date_gmt":"2023-08-13T12:01:53","guid":{"rendered":"http:\/\/maze-intcon.de\/?page_id=147"},"modified":"2023-08-13T17:19:42","modified_gmt":"2023-08-13T17:19:42","slug":"impressum","status":"publish","type":"page","link":"https:\/\/maze-intcon.de\/en\/impressum\/","title":{"rendered":"LEGAL NOTICE"},"content":{"rendered":"<p><strong>MAZE intersectional consulting<\/strong><\/p>\n\n\n\n<p>Responsible for the content of this website is Annabel Zelter, c\/o MAZE intersectional consulting, Clevischer Ring 103, D-51063 Cologne, annabelzelter@maze-intcon.de  <\/p>\n\n\n\n<p>Umsatzsteuer-ID according to \u00a7 27 a Umsatzsteuergesetz: DE349468760<\/p>\n\n\n\n<p><strong>Disclaimer: <\/strong><\/p>\n\n\n\n<details class=\"wp-block-details has-normal-font-size is-layout-flow wp-block-details-is-layout-flow\"><summary>Liability for content:<\/summary>\n<p>According to \u00a7\u00a7 8 to 10 TMG, as a service provider, we are not obligated to monitor transmitted or stored foreign information or to investigate circumstances that indicate illegal activity. Obligations to remove or block the use of information according to general laws remain unaffected by this. Upon becoming aware of corresponding legal violations, we will promptly remove these contents. Liability is excluded in this regard. <\/p>\n<\/details>\n\n\n\n<details class=\"wp-block-details has-normal-font-size is-layout-flow wp-block-details-is-layout-flow\"><summary>Liability for links:<\/summary>\n<p>The website contains references (links) to external third-party websites, the content of which we have no influence over. Therefore, we cannot guarantee these foreign contents. The respective provider or operator of the linked pages is solely responsible for the content of the linked pages. At the time of linking, the linked pages were checked for possible legal violations. Upon becoming aware of corresponding legal violations, we will promptly remove these contents. Liability is excluded in this regard. <\/p>\n<\/details>\n\n\n\n<p>We assume no liability for damages resulting from the use of this website.<\/p>\n\n\n\n<p><strong>Copyright<\/strong>:<\/p>\n\n\n\n<p>The content and works created by the site operators on these pages are subject to German copyright law. The reproduction, modification, distribution, and any kind of exploitation beyond the limits of copyright require written consent. Insofar as the content on this page was not created by the operator, the copyrights of third parties are respected. In particular, third-party content is marked as such. Should you nevertheless become aware of a copyright infringement, please provide us with the corresponding notice. Upon becoming aware of violations, we will promptly remove such content.<\/p>","protected":false},"excerpt":{"rendered":"<p>MAZE intersectional consulting Verantwortlicher f\u00fcr den Inhalt dieser Website ist Annabel Zelter, c\/o MAZE intersectional consulting, Clevischer Ring 103, D-51063 K\u00f6ln, annabelzelter@maze-intcon.de Umsatzsteuer-ID gem\u00e4\u00df \u00a7 27 a Umsatzsteuergesetz: DE349468760 Haftungsausschluss: Wir \u00fcbernehmen keine Haftung f\u00fcr Sch\u00e4den, die aus der Nutzung dieser Website entstehen. Urheberinrecht: Die durch die Seitenbetreiber erstellten Inhalte und Werke auf diesen Seiten [&hellip;]<\/p>","protected":false},"author":1,"featured_media":0,"parent":0,"menu_order":0,"comment_status":"closed","ping_status":"closed","template":"","meta":{"footnotes":""},"class_list":["post-147","page","type-page","status-publish","hentry"],"_links":{"self":[{"href":"https:\/\/maze-intcon.de\/en\/wp-json\/wp\/v2\/pages\/147","targetHints":{"allow":["GET"]}}],"collection":[{"href":"https:\/\/maze-intcon.de\/en\/wp-json\/wp\/v2\/pages"}],"about":[{"href":"https:\/\/maze-intcon.de\/en\/wp-json\/wp\/v2\/types\/page"}],"author":[{"embeddable":true,"href":"https:\/\/maze-intcon.de\/en\/wp-json\/wp\/v2\/users\/1"}],"replies":[{"embeddable":true,"href":"https:\/\/maze-intcon.de\/en\/wp-json\/wp\/v2\/comments?post=147"}],"version-history":[{"count":5,"href":"https:\/\/maze-intcon.de\/en\/wp-json\/wp\/v2\/pages\/147\/revisions"}],"predecessor-version":[{"id":221,"href":"https:\/\/maze-intcon.de\/en\/wp-json\/wp\/v2\/pages\/147\/revisions\/221"}],"wp:attachment":[{"href":"https:\/\/maze-intcon.de\/en\/wp-json\/wp\/v2\/media?parent=147"}],"curies":[{"name":"wp","href":"https:\/\/api.w.org\/{rel}","templated":true}]}}